{"id":4439,"date":"2021-10-12T16:27:24","date_gmt":"2021-10-12T16:27:24","guid":{"rendered":"http:\/\/dummy.xtemos.com\/woodmart2\/elementor\/?page_id=4439"},"modified":"2026-04-01T00:01:03","modified_gmt":"2026-03-31T22:01:03","slug":"contact","status":"publish","type":"page","link":"https:\/\/kommontown.com\/?page_id=4439","title":{"rendered":"CONTACT"},"content":{"rendered":"\t\t<div data-elementor-type=\"wp-page\" data-elementor-id=\"4439\" class=\"elementor elementor-4439\" data-elementor-post-type=\"page\">\n\t\t\t\t<div class=\"elementor-element elementor-element-3348bf3c e-flex e-con-boxed e-con e-parent\" data-id=\"3348bf3c\" data-element_type=\"container\">\n\t\t\t\t\t<div class=\"e-con-inner\">\n\t\t<div class=\"elementor-element elementor-element-083acb1 e-con-full e-flex e-con e-child\" data-id=\"083acb1\" data-element_type=\"container\" data-settings=\"{&quot;background_background&quot;:&quot;classic&quot;}\">\n\t\t\t\t<div class=\"elementor-element elementor-element-643bcd9 elementor-widget elementor-widget-heading\" data-id=\"643bcd9\" data-element_type=\"widget\" data-widget_type=\"heading.default\">\n\t\t\t\t<div class=\"elementor-widget-container\">\n\t\t\t\t\t<h2 class=\"elementor-heading-title elementor-size-default\">KOMMONTOWNFOREVER<\/h2>\t\t\t\t<\/div>\n\t\t\t\t<\/div>\n\t\t\t\t<div class=\"elementor-element elementor-element-1383571 color-scheme-inherit text-left elementor-widget elementor-widget-text-editor\" data-id=\"1383571\" data-element_type=\"widget\" data-widget_type=\"text-editor.default\">\n\t\t\t\t<div class=\"elementor-widget-container\">\n\t\t\t\t\t\t\t\t\t<p><br>18 Mai 2025, ce n&rsquo;\u00e9tait pas juste une date.<br>C&rsquo;\u00e9tait le moment o\u00f9 KOMMONTOWNFOREVER a quitt\u00e9 le stade de l&rsquo;id\u00e9e pour entrer dans la vraie vie, dans la rue, dans vos stories, dans vos dressings, dans vos vibes.<br>Fond\u00e9e par Cheikh Bethio , n\u00e9 le 19 Mai \u00e0 Fatick au S\u00e9n\u00e9gal.<br>KOMMONTOWNFOREVER est une marque de streetwear (Made in S\u00e9n\u00e9gal), cr\u00e9\u00e9 par un \u00e9tudiant s\u00e9n\u00e9galais. \u00ab\u00a0Kommon Town Forever\u00a0\u00bb &#8211; o\u00f9 \u00ab\u00a0Kommon\u00a0\u00bb \u00e9voque<br>\u00ab\u00a0come on\u00a0\u00bb en anglais (\u00ab\u00a0viens!\u00a0\u00bb) avec un K audacieux choisi par un fondateur non anglophone pour marquer son style unique, \u00ab\u00a0Town\u00a0\u00bb d\u00e9signe la ville, et \u00ab\u00a0Forever\u00a0\u00bb c\u00e9l\u00e8bre cet engagement \u00e9ternel et ind\u00e9fectible envers nos racines.<br>N\u00e9e de l&rsquo;exp\u00e9rience personnelle de son fondateur, la marque porte un message profond : embrasser nos valeurs et notre culture s\u00e9n\u00e9galaise pour vaincre les complexes. Dans un monde qui pousse \u00e0 l&rsquo;imitation, KOMMONTOWNFOREVER invite \u00e0 \u00eatre soi-m\u00eame, \u00e0 cultiver son unicit\u00e9 sans forcer les apparences. Nos collections de v\u00eatements &#8211; hoodies, t-shirts et pulls streetwear &#8211; sont des rappels vestimentaires de cette philosophie : simplicit\u00e9 authentique, r\u00e9silience villageoise et fiert\u00e9 urbaine. Chaque pi\u00e8ce raconte une histoire de transition fluide.<br>KOMMONTOWNFOREVER n&rsquo;est pas seulement une marque de mode, mais un mouvement culturel puissant. Elle c\u00e9l\u00e8bre l&rsquo;authenticit\u00e9 s\u00e9n\u00e9galaise et inspire une g\u00e9n\u00e9ration confiante, fi\u00e8re de ses origines et libre d&rsquo;exprimer sa v\u00e9ritable identit\u00e9.<br>Rejoignez ce mouvement qui habille l&rsquo;avenir avec racines et audace.<\/p>\t\t\t\t\t\t\t\t<\/div>\n\t\t\t\t<\/div>\n\t\t\t\t<\/div>\n\t\t\t\t<div class=\"elementor-element elementor-element-62c6cafc elementor-widget__width-inherit elementor-widget elementor-widget-heading\" data-id=\"62c6cafc\" data-element_type=\"widget\" data-widget_type=\"heading.default\">\n\t\t\t\t<div class=\"elementor-widget-container\">\n\t\t\t\t\t<h2 class=\"elementor-heading-title elementor-size-default\">NOS CONTACTS<\/h2>\t\t\t\t<\/div>\n\t\t\t\t<\/div>\n\t\t<div class=\"elementor-element elementor-element-57485d92 e-con-full e-flex e-con e-child\" data-id=\"57485d92\" data-element_type=\"container\">\n\t\t\t\t<div class=\"elementor-element elementor-element-4772dcd7 elementor-widget-tablet__width-initial elementor-widget__width-initial elementor-widget elementor-widget-icon-box\" data-id=\"4772dcd7\" data-element_type=\"widget\" data-widget_type=\"icon-box.default\">\n\t\t\t\t<div class=\"elementor-widget-container\">\n\t\t\t\t\t\t\t<div class=\"elementor-icon-box-wrapper\">\n\n\t\t\t\n\t\t\t\t\t\t<div class=\"elementor-icon-box-content\">\n\n\t\t\t\t\t\t\t\t\t<h4 class=\"elementor-icon-box-title\">\n\t\t\t\t\t\t<span  >\n\t\t\t\t\t\t\tT\u00e9l\u00e9phone\t\t\t\t\t\t<\/span>\n\t\t\t\t\t<\/h4>\n\t\t\t\t\n\t\t\t\t\t\t\t\t\t<p class=\"elementor-icon-box-description\">\n\t\t\t\t\t\t+221 78 73 592 61\n<br> +221 76 616 41 53\t\t\t\t\t<\/p>\n\t\t\t\t\n\t\t\t<\/div>\n\t\t\t\n\t\t<\/div>\n\t\t\t\t\t\t<\/div>\n\t\t\t\t<\/div>\n\t\t\t\t<div class=\"elementor-element elementor-element-38c412ac elementor-widget-tablet__width-initial elementor-widget__width-initial elementor-widget elementor-widget-icon-box\" data-id=\"38c412ac\" data-element_type=\"widget\" data-widget_type=\"icon-box.default\">\n\t\t\t\t<div class=\"elementor-widget-container\">\n\t\t\t\t\t\t\t<div class=\"elementor-icon-box-wrapper\">\n\n\t\t\t\n\t\t\t\t\t\t<div class=\"elementor-icon-box-content\">\n\n\t\t\t\t\t\t\t\t\t<h4 class=\"elementor-icon-box-title\">\n\t\t\t\t\t\t<span  >\n\t\t\t\t\t\t\tE-mail\t\t\t\t\t\t<\/span>\n\t\t\t\t\t<\/h4>\n\t\t\t\t\n\t\t\t\t\t\t\t\t\t<p class=\"elementor-icon-box-description\">\n\t\t\t\t\t\tad4516487@gmail.com\t\t\t\t\t<\/p>\n\t\t\t\t\n\t\t\t<\/div>\n\t\t\t\n\t\t<\/div>\n\t\t\t\t\t\t<\/div>\n\t\t\t\t<\/div>\n\t\t\t\t<div class=\"elementor-element elementor-element-6a6440ed elementor-widget-tablet__width-initial elementor-widget__width-initial elementor-widget elementor-widget-icon-box\" data-id=\"6a6440ed\" data-element_type=\"widget\" data-widget_type=\"icon-box.default\">\n\t\t\t\t<div class=\"elementor-widget-container\">\n\t\t\t\t\t\t\t<div class=\"elementor-icon-box-wrapper\">\n\n\t\t\t\n\t\t\t\t\t\t<div class=\"elementor-icon-box-content\">\n\n\t\t\t\t\t\t\t\t\t<h4 class=\"elementor-icon-box-title\">\n\t\t\t\t\t\t<span  >\n\t\t\t\t\t\t\tHoraires d'ouverture\t\t\t\t\t\t<\/span>\n\t\t\t\t\t<\/h4>\n\t\t\t\t\n\t\t\t\t\t\t\t\t\t<p class=\"elementor-icon-box-description\">\n\t\t\t\t\t\t24\/7\t\t\t\t\t<\/p>\n\t\t\t\t\n\t\t\t<\/div>\n\t\t\t\n\t\t<\/div>\n\t\t\t\t\t\t<\/div>\n\t\t\t\t<\/div>\n\t\t\t\t<\/div>\n\t\t\t\t\t<\/div>\n\t\t\t\t<\/div>\n\t\t\t\t<\/div>\n\t\t","protected":false},"excerpt":{"rendered":"<p>KOMMONTOWNFOREVER 18 Mai 2025, ce n&rsquo;\u00e9tait pas juste une date.C&rsquo;\u00e9tait le moment o\u00f9 KOMMONTOWNFOREVER a quitt\u00e9 le stade de l&rsquo;id\u00e9e<\/p>\n","protected":false},"author":1,"featured_media":0,"parent":0,"menu_order":0,"comment_status":"closed","ping_status":"closed","template":"","meta":{"footnotes":""},"class_list":["post-4439","page","type-page","status-publish","hentry"],"yoast_head":"<!-- This site is optimized with the Yoast SEO plugin v26.3 - https:\/\/yoast.com\/wordpress\/plugins\/seo\/ -->\n<title>CONTACT - KOMMONTOWN<\/title>\n<meta name=\"robots\" content=\"index, follow, max-snippet:-1, max-image-preview:large, max-video-preview:-1\" \/>\n<link rel=\"canonical\" href=\"https:\/\/kommontown.com\/?page_id=4439\" \/>\n<meta property=\"og:locale\" content=\"fr_FR\" \/>\n<meta property=\"og:type\" content=\"article\" \/>\n<meta property=\"og:title\" content=\"CONTACT - KOMMONTOWN\" \/>\n<meta property=\"og:description\" content=\"KOMMONTOWNFOREVER 18 Mai 2025, ce n&rsquo;\u00e9tait pas juste une date.C&rsquo;\u00e9tait le moment o\u00f9 KOMMONTOWNFOREVER a quitt\u00e9 le stade de l&rsquo;id\u00e9e\" \/>\n<meta property=\"og:url\" content=\"https:\/\/kommontown.com\/?page_id=4439\" \/>\n<meta property=\"og:site_name\" content=\"KOMMONTOWN\" \/>\n<meta property=\"article:modified_time\" content=\"2026-03-31T22:01:03+00:00\" \/>\n<meta name=\"twitter:card\" content=\"summary_large_image\" \/>\n<meta name=\"twitter:label1\" content=\"Dur\u00e9e de lecture estim\u00e9e\" \/>\n\t<meta name=\"twitter:data1\" content=\"2 minutes\" \/>\n<script type=\"application\/ld+json\" class=\"yoast-schema-graph\">{\"@context\":\"https:\/\/schema.org\",\"@graph\":[{\"@type\":\"WebPage\",\"@id\":\"https:\/\/kommontown.com\/?page_id=4439\",\"url\":\"https:\/\/kommontown.com\/?page_id=4439\",\"name\":\"CONTACT - KOMMONTOWN\",\"isPartOf\":{\"@id\":\"https:\/\/kommontown.com\/#website\"},\"datePublished\":\"2021-10-12T16:27:24+00:00\",\"dateModified\":\"2026-03-31T22:01:03+00:00\",\"breadcrumb\":{\"@id\":\"https:\/\/kommontown.com\/?page_id=4439#breadcrumb\"},\"inLanguage\":\"fr-FR\",\"potentialAction\":[{\"@type\":\"ReadAction\",\"target\":[\"https:\/\/kommontown.com\/?page_id=4439\"]}]},{\"@type\":\"BreadcrumbList\",\"@id\":\"https:\/\/kommontown.com\/?page_id=4439#breadcrumb\",\"itemListElement\":[{\"@type\":\"ListItem\",\"position\":1,\"name\":\"Accueil\",\"item\":\"https:\/\/kommontown.com\/\"},{\"@type\":\"ListItem\",\"position\":2,\"name\":\"CONTACT\"}]},{\"@type\":\"WebSite\",\"@id\":\"https:\/\/kommontown.com\/#website\",\"url\":\"https:\/\/kommontown.com\/\",\"name\":\"FRA\u00ceCHEUR MARINE\",\"description\":\"\",\"publisher\":{\"@id\":\"https:\/\/kommontown.com\/#organization\"},\"potentialAction\":[{\"@type\":\"SearchAction\",\"target\":{\"@type\":\"EntryPoint\",\"urlTemplate\":\"https:\/\/kommontown.com\/?s={search_term_string}\"},\"query-input\":{\"@type\":\"PropertyValueSpecification\",\"valueRequired\":true,\"valueName\":\"search_term_string\"}}],\"inLanguage\":\"fr-FR\"},{\"@type\":\"Organization\",\"@id\":\"https:\/\/kommontown.com\/#organization\",\"name\":\"FRA\u00ceCHEUR MARINE\",\"url\":\"https:\/\/kommontown.com\/\",\"logo\":{\"@type\":\"ImageObject\",\"inLanguage\":\"fr-FR\",\"@id\":\"https:\/\/kommontown.com\/#\/schema\/logo\/image\/\",\"url\":\"https:\/\/kommontown.com\/wp-content\/uploads\/2023\/12\/cropped-Plan-de-travail-1.png\",\"contentUrl\":\"https:\/\/kommontown.com\/wp-content\/uploads\/2023\/12\/cropped-Plan-de-travail-1.png\",\"width\":512,\"height\":512,\"caption\":\"FRA\u00ceCHEUR MARINE\"},\"image\":{\"@id\":\"https:\/\/kommontown.com\/#\/schema\/logo\/image\/\"}}]}<\/script>\n<!-- \/ Yoast SEO plugin. -->","yoast_head_json":{"title":"CONTACT - KOMMONTOWN","robots":{"index":"index","follow":"follow","max-snippet":"max-snippet:-1","max-image-preview":"max-image-preview:large","max-video-preview":"max-video-preview:-1"},"canonical":"https:\/\/kommontown.com\/?page_id=4439","og_locale":"fr_FR","og_type":"article","og_title":"CONTACT - KOMMONTOWN","og_description":"KOMMONTOWNFOREVER 18 Mai 2025, ce n&rsquo;\u00e9tait pas juste une date.C&rsquo;\u00e9tait le moment o\u00f9 KOMMONTOWNFOREVER a quitt\u00e9 le stade de l&rsquo;id\u00e9e","og_url":"https:\/\/kommontown.com\/?page_id=4439","og_site_name":"KOMMONTOWN","article_modified_time":"2026-03-31T22:01:03+00:00","twitter_card":"summary_large_image","twitter_misc":{"Dur\u00e9e de lecture estim\u00e9e":"2 minutes"},"schema":{"@context":"https:\/\/schema.org","@graph":[{"@type":"WebPage","@id":"https:\/\/kommontown.com\/?page_id=4439","url":"https:\/\/kommontown.com\/?page_id=4439","name":"CONTACT - KOMMONTOWN","isPartOf":{"@id":"https:\/\/kommontown.com\/#website"},"datePublished":"2021-10-12T16:27:24+00:00","dateModified":"2026-03-31T22:01:03+00:00","breadcrumb":{"@id":"https:\/\/kommontown.com\/?page_id=4439#breadcrumb"},"inLanguage":"fr-FR","potentialAction":[{"@type":"ReadAction","target":["https:\/\/kommontown.com\/?page_id=4439"]}]},{"@type":"BreadcrumbList","@id":"https:\/\/kommontown.com\/?page_id=4439#breadcrumb","itemListElement":[{"@type":"ListItem","position":1,"name":"Accueil","item":"https:\/\/kommontown.com\/"},{"@type":"ListItem","position":2,"name":"CONTACT"}]},{"@type":"WebSite","@id":"https:\/\/kommontown.com\/#website","url":"https:\/\/kommontown.com\/","name":"FRA\u00ceCHEUR MARINE","description":"","publisher":{"@id":"https:\/\/kommontown.com\/#organization"},"potentialAction":[{"@type":"SearchAction","target":{"@type":"EntryPoint","urlTemplate":"https:\/\/kommontown.com\/?s={search_term_string}"},"query-input":{"@type":"PropertyValueSpecification","valueRequired":true,"valueName":"search_term_string"}}],"inLanguage":"fr-FR"},{"@type":"Organization","@id":"https:\/\/kommontown.com\/#organization","name":"FRA\u00ceCHEUR MARINE","url":"https:\/\/kommontown.com\/","logo":{"@type":"ImageObject","inLanguage":"fr-FR","@id":"https:\/\/kommontown.com\/#\/schema\/logo\/image\/","url":"https:\/\/kommontown.com\/wp-content\/uploads\/2023\/12\/cropped-Plan-de-travail-1.png","contentUrl":"https:\/\/kommontown.com\/wp-content\/uploads\/2023\/12\/cropped-Plan-de-travail-1.png","width":512,"height":512,"caption":"FRA\u00ceCHEUR MARINE"},"image":{"@id":"https:\/\/kommontown.com\/#\/schema\/logo\/image\/"}}]}},"_links":{"self":[{"href":"https:\/\/kommontown.com\/index.php?rest_route=\/wp\/v2\/pages\/4439","targetHints":{"allow":["GET"]}}],"collection":[{"href":"https:\/\/kommontown.com\/index.php?rest_route=\/wp\/v2\/pages"}],"about":[{"href":"https:\/\/kommontown.com\/index.php?rest_route=\/wp\/v2\/types\/page"}],"author":[{"embeddable":true,"href":"https:\/\/kommontown.com\/index.php?rest_route=\/wp\/v2\/users\/1"}],"replies":[{"embeddable":true,"href":"https:\/\/kommontown.com\/index.php?rest_route=%2Fwp%2Fv2%2Fcomments&post=4439"}],"version-history":[{"count":17,"href":"https:\/\/kommontown.com\/index.php?rest_route=\/wp\/v2\/pages\/4439\/revisions"}],"predecessor-version":[{"id":19162,"href":"https:\/\/kommontown.com\/index.php?rest_route=\/wp\/v2\/pages\/4439\/revisions\/19162"}],"wp:attachment":[{"href":"https:\/\/kommontown.com\/index.php?rest_route=%2Fwp%2Fv2%2Fmedia&parent=4439"}],"curies":[{"name":"wp","href":"https:\/\/api.w.org\/{rel}","templated":true}]}}